{"id":1819,"date":"2016-09-02T20:33:12","date_gmt":"2016-09-02T18:33:12","guid":{"rendered":"http:\/\/batssoft.nl\/autos\/?page_id=1819"},"modified":"2016-09-06T11:03:16","modified_gmt":"2016-09-06T09:03:16","slug":"over-onze-autos","status":"publish","type":"page","link":"https:\/\/batssoft.nl\/autos\/over-onze-autos\/","title":{"rendered":"Over onze auto&#8217;s"},"content":{"rendered":"<p>Voor meer specifieke informatie over een van onze huidige auto&#8217;s kun je de koppelingen hieronder gebruiken.<\/p>\n<p><a href=\"\/autos\/over-onze-autos\/xj79zg\">Citro\u00ebn AX 11 E &#8211; XJ-79-ZG<\/a><br \/>\n<a href=\"\/autos\/over-onze-autos\/zr02kg\/\">Citro\u00ebn AX Chrono &#8211; ZR-02-KG<\/a><br \/>\n<a href=\"\/autos\/over-onze-autos\/yp38kk\/\">Citro\u00ebn AX 14 TRS &#8211; YP-38-KK<\/a><br \/>\n<a href=\"\/autos\/over-onze-autos\/yy86sv\/\">Citro\u00ebn AX 14 TRS &#8211; YY-86-SV<\/a><br \/>\n<a href=\"\/autos\/over-onze-autos\/xd76gj\/\">Citro\u00ebn AX GT &#8211; XD-76-GJ<\/a><br \/>\n<a href=\"\/autos\/over-onze-autos\/89thv2\/\">Citro\u00ebn CX 25 RI &#8211; 89-THV-2<\/a><br \/>\n<a href=\"\/autos\/over-onze-autos\/18hbk1\/\">Citro\u00ebn C5 Tourer &#8211; 18-HBK-1<\/a><br \/>\n<a href=\"\/autos\/over-onze-autos\/12xvsj\/\">Citro\u00ebn C4 VTS 180 &#8211; 12-XV-SJ<\/a><\/p>\n<p>In het verleden hebben er meerdere auto&#8217;s de revue gepasseerd, dan wel gekocht dan wel als leaseauto. Een overzicht vindt je via onderstaande koppeling.<\/p>\n<p><a href=\"\/autos\/over-onze-autos\/overig\/\">Overige auto\u2019s uit het verleden<\/a><\/p>\n","protected":false},"excerpt":{"rendered":"<p>Voor meer specifieke informatie over een van onze huidige auto&#8217;s kun je de koppelingen hieronder gebruiken. Citro\u00ebn AX 11 E &#8211; XJ-79-ZG Citro\u00ebn AX Chrono &#8211; ZR-02-KG Citro\u00ebn AX 14 TRS &#8211; YP-38-KK Citro\u00ebn AX 14 TRS &#8211; YY-86-SV Citro\u00ebn AX GT &#8211; XD-76-GJ Citro\u00ebn CX 25 RI &#8211; 89-THV-2 Citro\u00ebn C5 Tourer &#8211; 18-HBK-1 &hellip; <a href=\"https:\/\/batssoft.nl\/autos\/over-onze-autos\/\" class=\"more-link\">Lees verder <span class=\"screen-reader-text\">&#8220;Over onze auto&#8217;s&#8221;<\/span><\/a><\/p>\n","protected":false},"author":1,"featured_media":0,"parent":0,"menu_order":30,"comment_status":"closed","ping_status":"closed","template":"","meta":{"footnotes":""},"class_list":["post-1819","page","type-page","status-publish","hentry"],"_links":{"self":[{"href":"https:\/\/batssoft.nl\/autos\/wp-json\/wp\/v2\/pages\/1819","targetHints":{"allow":["GET"]}}],"collection":[{"href":"https:\/\/batssoft.nl\/autos\/wp-json\/wp\/v2\/pages"}],"about":[{"href":"https:\/\/batssoft.nl\/autos\/wp-json\/wp\/v2\/types\/page"}],"author":[{"embeddable":true,"href":"https:\/\/batssoft.nl\/autos\/wp-json\/wp\/v2\/users\/1"}],"replies":[{"embeddable":true,"href":"https:\/\/batssoft.nl\/autos\/wp-json\/wp\/v2\/comments?post=1819"}],"version-history":[{"count":4,"href":"https:\/\/batssoft.nl\/autos\/wp-json\/wp\/v2\/pages\/1819\/revisions"}],"predecessor-version":[{"id":1899,"href":"https:\/\/batssoft.nl\/autos\/wp-json\/wp\/v2\/pages\/1819\/revisions\/1899"}],"wp:attachment":[{"href":"https:\/\/batssoft.nl\/autos\/wp-json\/wp\/v2\/media?parent=1819"}],"curies":[{"name":"wp","href":"https:\/\/api.w.org\/{rel}","templated":true}]}}