{"id":449,"date":"2020-10-10T18:41:57","date_gmt":"2020-10-10T16:41:57","guid":{"rendered":"http:\/\/batssoft.nl\/autoradios\/?page_id=449"},"modified":"2021-09-06T10:13:54","modified_gmt":"2021-09-06T08:13:54","slug":"philips-dc-682","status":"publish","type":"page","link":"https:\/\/batssoft.nl\/autoradios\/autoradios\/philips-dc\/philips-dc-682\/","title":{"rendered":"Philips DC 682"},"content":{"rendered":"<p>Mijn eerste DC 682 (22 DC 682\/82) heb ik overgenomen van een gepensioneerd medewerker verkoop buitendienst van Philips Nederland. Medewerkers (in elk geval van de afdeling verkoop buitendienst) kregen geregeld leuke spullen toegestopt om ook weer bij klanten te kunnen demonstreren. Deze DC 682\/82 was voorzien van een <a href=\"philips-ea-6024-power-retrack\">EA 6024<\/a> powerslede waardoor het uitgangsvermogen naar 4\u00d725 Watt gebracht kan worden (tegenover de standaard 2\u00d725 Watt of 4\u00d78 Watt).<\/p>\n<blockquote><p>\n<strong>DC 682\/00R Autoradiocombinatie.<\/strong><br \/>\nPLL kwarts digitale afstemming. FM-stereo, MG en LG. 18 Voorkeurzenders, 6 FM, 6 MG, 6 LG. Radio Data System RDS. Autostore zenders 6 FM, 6 MG. Stereodecoder SDS\/SDR. Verkeersinfo decoder. High power: 2 x 20 W of 4 x 7. Audio Super Control. Autoreverse. Music Sensor System. Dolby B en bandkeuzeschakelaar. 4-kanaals lijnuitgang. Security code. Anti-diefstalslede.<br \/>\n<i>Prijs op aanvraag.<\/i><\/p>\n<p>Bron: Philips Magazine; Voorjaar &#8217;89; Achtste jaargang; Nummer 1\n<\/p><\/blockquote>\n<blockquote><p>\n<strong>DC 682\/30R. Autoradiocombinatie<\/strong><br \/>\nPLL kwarts digitale afstemming. FM-stereo, MG en LG. 18 Voorkeurzenders, 6FM, 6MG, 6LG. Radio Data System RDS. Autostore zenders 6 FM, 6 MG. Verkeersinfo decoder. High power: 2&#215;25 W of 4&#215;8 W met fader. Audio Super Control. Autoreverse. Music Sensor System. Dolby B en bandkeuzeschakelaar. 4-kanaals lijnuitgang. Security code. Standaard voorzien van beveiligingsslede.<br \/>\n<em>Brutoprijs: f. 1.710,&#8211;.<\/em><\/p>\n<p>Bron: Philips Magazine; Voorjaar 1990; Negende jaargang; Nummer 1\n<\/p><\/blockquote>\n<blockquote><p>\n<strong>DC 682. Autoradiocombinatie<\/strong><br \/>\nPLL kwarts digitale afstemming. FM-stereo, MG en LG. 18 Voorkeurzenders, 6FM, 6MG, 6LG. RDS. Autostore zenders 6 FM, 6 MG. Verkeersinfo decoder. High power: 2 x 25 W of 4 x 8 W met fader. Audio Super Control. Autoreverse. Music Sensor System. Dolby B en bandkeuzeschakelaar. 4-kanaals lijnuitgang. Security code.<br \/>\nAccessoires: beveiligingsslede <a href=\"\/autoradios\/accessoires\/philips-ea-6025-retractable-unit\/\">EA 6025<\/a> (f 120,&#8211;),<br \/>\npowerslede <a href=\"\/autoradios\/accessoires\/philips-ea-6024-power-retrack\/\">EA 6024<\/a> (\u0192 185,&#8211;).<br \/>\nBrutoprijs:&#8230;&#8230;&#8230;&#8230;&#8230;&#8230;&#8230;&#8230;&#8230;&#8230;.. f 1.100,&#8211;<\/p>\n<p>Bron: <a href=\"https:\/\/web.archive.org\/web\/0\/http:\/\/www.mfbfreaks.nl\/folders\/1990\/2\/imagepages\/image156.html\" rel=\"noopener noreferrer\" target=\"_blank\">Philips Magazine; 1990\/1991; Negende jaargang; Nummer 2 op mfbfreaks.nl via Archive.org<\/a>\n<\/p><\/blockquote>\n<blockquote><p>\n<strong>DC 682. Autoradiocombinatie met RDS.<\/strong><br \/>\nPLL kwarts digitale afstemming. FM\/Stereo, MG en LG. 18 Voorkeurzenders, 6 FM, 6 MG, 6 LG. Radio Data System RDS. Autostore zenders 6 FM, 6 MG. Verkeersinfo decoder. High power 2\u00d725W of 4\u00d78W met fader. Audio Super Control. Autoreverse. Music Sensor System. Dolby B en bandkeuzeschakelaar. 4-kanaals lijnuitgang. Security code. Brutoprijs:&#8230;&#8230; \u0192 1.125,&#8211;<br \/>\nAccessoires:<br \/>\nbeveiligingsslede (<a href=\"\/autoradios\/accessoires\/philips-ea-6025-retractable-unit\/\">EA 6025<\/a> \u0192 123,&#8211;),<br \/>\npowerslede (<a href=\"\/autoradios\/accessoires\/philips-ea-6024-power-retrack\/\">EA 6024<\/a> \u0192 190,&#8211;).<\/p>\n<p>Bron: Philips Magazine; 1991; Tiende jaargang; Nummer 1\n<\/p><\/blockquote>\n<p>Zoals te zien in de quotes hierboven had de DC 682 nog best een lange adem. Waar het in 1989 nog een van de topmodellen betrof met als een van de eerste modellen (samen met de DC 984 (gelijkend met de DC 682 maar met CD-speler in plaats van cassettedeck)) uitgevoerd met RDS was het begin 1991 nog een radio die goed mee kon doen. Echter in het tweede nummer van het tiende jaargang (1991\/1992) van Philips Magazine was de DC 682 definitief verdwenen (ondanks dat de DC 984 nog wel vermeld stond). Vanaf 1991\/1992 kun je ook zien dat het ontwerp van de DC 682 niet langer past in het gamma van die periode daar de meeste radio&#8217;s met slede nu ge\u00efntegreerde hengsels hebben zoals de <a href=\"philips-dc-720\">DC 720<\/a>.<br \/>\nWat verder opvalt is dat in 1989 het vermogen nog als &#8220;2\u00d720 Watt of 4\u00d77 Watt&#8221; wordt aangeduid maar vanaf 1990 wordt dit &#8220;2\u00d725 Watt of 4\u00d78 Watt&#8221;. Daarnaast is een beveiligingsslede in het begin nog standaard maar vanaf halverwege 1990 moest dit als accessoire aangeschaft worden in de vorm van een <a href=\"\/autoradios\/accessoires\/philips-ea-6025-retractable-unit\/\">EA 6025<\/a> beveiligingsslede of een <a href=\"philips-ea-6024-power-retrack\">EA 6024<\/a> powerslede (beveiligingsslede met versterker).<\/p>\n<p>Toen deze lijn autoradio&#8217;s van Philips op de markt kwam was er de keuze uit 5 modellen welke qua ontwerp erg op elkaar lijken en waarvoor <a href=\"https:\/\/ifworlddesignguide.com\/entry\/18050-car-audio-combination-dc680-dc681-dc682-dc684-dc685\" rel=\"noopener noreferrer\" target=\"_blank\">iF World Design Guide<\/a> in 1988 een onderscheiding heeft gegeven in de discipline &#8220;product&#8221;. Onderstaand de 5 modellen met de onderlinge verschillen.<\/p>\n<blockquote>\n<table>\n<tr>\n<th><\/th>\n<th><a href=\"\/autoradios\/autoradios\/philips-dc\/philips-dc-680\/\">6<br \/>8<br \/>0<\/a><\/th>\n<th>6<br \/>8<br \/>4<\/th>\n<th><a href=\"\/autoradios\/autoradios\/philips-dc\/philips-dc-681\/\">6<br \/>8<br \/>1<\/a><\/th>\n<th>6<br \/>8<br \/>2<\/th>\n<th><a href=\"\/autoradios\/autoradios\/philips-dc\/philips-dc-685\/\">6<br \/>8<br \/>5<\/a><\/th>\n<\/tr>\n<tr>\n<th>FM-M-L<\/th>\n<td>&bull;<\/td>\n<td>&bull;<\/td>\n<td>&bull;<\/td>\n<td>&bull;<\/td>\n<td>&bull;<\/td>\n<\/tr>\n<tr>\n<th>SDK<\/th>\n<td><\/td>\n<td>&bull;<\/td>\n<td><\/td>\n<td><\/td>\n<td>&bull;<\/td>\n<\/tr>\n<tr>\n<th>SEC.CODE<\/th>\n<td>&bull;<\/td>\n<td>&bull;<\/td>\n<td>&bull;<\/td>\n<td>&bull;<\/td>\n<td>&bull;<\/td>\n<\/tr>\n<tr>\n<th>AUTOST.<\/th>\n<td>&bull;<\/td>\n<td>&bull;<\/td>\n<td>&bull;<\/td>\n<td>&bull;<\/td>\n<td>&bull;<\/td>\n<\/tr>\n<tr>\n<th>FADER<\/th>\n<td>&bull;<\/td>\n<td>&bull;<\/td>\n<td>&bull;<\/td>\n<td>&bull;<\/td>\n<td>&bull;<\/td>\n<\/tr>\n<tr>\n<th>LOUDN.<\/th>\n<td>&bull;<\/td>\n<td>&bull;<\/td>\n<td>&bull;<\/td>\n<td>&bull;<\/td>\n<td>&bull;<\/td>\n<\/tr>\n<tr>\n<th>LINEOUT<\/th>\n<td><\/td>\n<td><\/td>\n<td>&bull;<\/td>\n<td>&bull;<\/td>\n<td>&bull;<\/td>\n<\/tr>\n<tr>\n<th>METAL<\/th>\n<td><\/td>\n<td><\/td>\n<td>&bull;<\/td>\n<td>&bull;<\/td>\n<td>&bull;<\/td>\n<\/tr>\n<tr>\n<th>DOLBY<\/th>\n<td><\/td>\n<td><\/td>\n<td>&bull;<\/td>\n<td>&bull;<\/td>\n<td>&bull;<\/td>\n<\/tr>\n<tr>\n<th>RDS<\/th>\n<td><\/td>\n<td><\/td>\n<td><\/td>\n<td>&bull;<\/td>\n<td><\/td>\n<\/tr>\n<tr>\n<th>MSS<\/th>\n<td><\/td>\n<td><\/td>\n<td>&bull;<\/td>\n<td>&bull;<\/td>\n<td>&bull;<\/td>\n<\/tr>\n<tr>\n<th>P6-16<\/th>\n<td>&bull;<\/td>\n<td>&bull;<\/td>\n<td><\/td>\n<td><\/td>\n<td><\/td>\n<\/tr>\n<tr>\n<th>P6-17<\/th>\n<td><\/td>\n<td><\/td>\n<td>&bull;<\/td>\n<td>&bull;<\/td>\n<td>&bull;<\/td>\n<\/tr>\n<\/table>\n<p>Bron: <a href=\"https:\/\/batssoft.nl\/autoradios\/wp-content\/uploads\/sites\/3\/2021\/04\/CS-16-723-GB.pdf\" target=\"_blank\" rel=\"noopener\">Service-document &#8211; Circuit Description &#8211; Philips Car Radio Cluster Family<\/a>\n<\/p><\/blockquote>\n<h2>Varianten<\/h2>\n<div id='gallery-1' class='gallery galleryid-449 gallery-columns-3 gallery-size-large'><figure class='gallery-item'>\n\t\t\t<div class='gallery-icon landscape'>\n\t\t\t\t<a href='https:\/\/batssoft.nl\/autoradios\/wp-content\/uploads\/sites\/3\/2021\/07\/Philips-22-DC-682-00R.png'><img loading=\"lazy\" decoding=\"async\" width=\"580\" height=\"181\" src=\"https:\/\/batssoft.nl\/autoradios\/wp-content\/uploads\/sites\/3\/2021\/07\/Philips-22-DC-682-00R-1024x320.png\" class=\"attachment-large size-large\" alt=\"\" aria-describedby=\"gallery-1-1676\" srcset=\"https:\/\/batssoft.nl\/autoradios\/wp-content\/uploads\/sites\/3\/2021\/07\/Philips-22-DC-682-00R-1024x320.png 1024w, https:\/\/batssoft.nl\/autoradios\/wp-content\/uploads\/sites\/3\/2021\/07\/Philips-22-DC-682-00R-300x94.png 300w, https:\/\/batssoft.nl\/autoradios\/wp-content\/uploads\/sites\/3\/2021\/07\/Philips-22-DC-682-00R-768x240.png 768w, https:\/\/batssoft.nl\/autoradios\/wp-content\/uploads\/sites\/3\/2021\/07\/Philips-22-DC-682-00R-1536x480.png 1536w, https:\/\/batssoft.nl\/autoradios\/wp-content\/uploads\/sites\/3\/2021\/07\/Philips-22-DC-682-00R-1200x375.png 1200w, https:\/\/batssoft.nl\/autoradios\/wp-content\/uploads\/sites\/3\/2021\/07\/Philips-22-DC-682-00R.png 1920w\" sizes=\"auto, (max-width: 580px) 100vw, 580px\" \/><\/a>\n\t\t\t<\/div>\n\t\t\t\t<figcaption class='wp-caption-text gallery-caption' id='gallery-1-1676'>\n\t\t\t\tPhilips 22 DC 682\/00R\n\t\t\t\t<\/figcaption><\/figure><figure class='gallery-item'>\n\t\t\t<div class='gallery-icon landscape'>\n\t\t\t\t<a href='https:\/\/batssoft.nl\/autoradios\/wp-content\/uploads\/sites\/3\/2021\/03\/Philips-22-DC-682-82.png'><img loading=\"lazy\" decoding=\"async\" width=\"580\" height=\"181\" src=\"https:\/\/batssoft.nl\/autoradios\/wp-content\/uploads\/sites\/3\/2021\/03\/Philips-22-DC-682-82-1024x320.png\" class=\"attachment-large size-large\" alt=\"\" aria-describedby=\"gallery-1-458\" srcset=\"https:\/\/batssoft.nl\/autoradios\/wp-content\/uploads\/sites\/3\/2021\/03\/Philips-22-DC-682-82-1024x320.png 1024w, https:\/\/batssoft.nl\/autoradios\/wp-content\/uploads\/sites\/3\/2021\/03\/Philips-22-DC-682-82-300x94.png 300w, https:\/\/batssoft.nl\/autoradios\/wp-content\/uploads\/sites\/3\/2021\/03\/Philips-22-DC-682-82-768x240.png 768w, https:\/\/batssoft.nl\/autoradios\/wp-content\/uploads\/sites\/3\/2021\/03\/Philips-22-DC-682-82-1536x480.png 1536w, https:\/\/batssoft.nl\/autoradios\/wp-content\/uploads\/sites\/3\/2021\/03\/Philips-22-DC-682-82-1200x375.png 1200w, https:\/\/batssoft.nl\/autoradios\/wp-content\/uploads\/sites\/3\/2021\/03\/Philips-22-DC-682-82.png 1920w\" sizes=\"auto, (max-width: 580px) 100vw, 580px\" \/><\/a>\n\t\t\t<\/div>\n\t\t\t\t<figcaption class='wp-caption-text gallery-caption' id='gallery-1-458'>\n\t\t\t\tPhilips 22 DC 682\/82\n\t\t\t\t<\/figcaption><\/figure><figure class='gallery-item'>\n\t\t\t<div class='gallery-icon landscape'>\n\t\t\t\t<a href='https:\/\/batssoft.nl\/autoradios\/wp-content\/uploads\/sites\/3\/2021\/07\/Philips-22-DC-682-82R.png'><img loading=\"lazy\" decoding=\"async\" width=\"580\" height=\"181\" src=\"https:\/\/batssoft.nl\/autoradios\/wp-content\/uploads\/sites\/3\/2021\/07\/Philips-22-DC-682-82R-1024x320.png\" class=\"attachment-large size-large\" alt=\"\" aria-describedby=\"gallery-1-1677\" srcset=\"https:\/\/batssoft.nl\/autoradios\/wp-content\/uploads\/sites\/3\/2021\/07\/Philips-22-DC-682-82R-1024x320.png 1024w, https:\/\/batssoft.nl\/autoradios\/wp-content\/uploads\/sites\/3\/2021\/07\/Philips-22-DC-682-82R-300x94.png 300w, https:\/\/batssoft.nl\/autoradios\/wp-content\/uploads\/sites\/3\/2021\/07\/Philips-22-DC-682-82R-768x240.png 768w, https:\/\/batssoft.nl\/autoradios\/wp-content\/uploads\/sites\/3\/2021\/07\/Philips-22-DC-682-82R-1536x480.png 1536w, https:\/\/batssoft.nl\/autoradios\/wp-content\/uploads\/sites\/3\/2021\/07\/Philips-22-DC-682-82R-1200x375.png 1200w, https:\/\/batssoft.nl\/autoradios\/wp-content\/uploads\/sites\/3\/2021\/07\/Philips-22-DC-682-82R.png 1920w\" sizes=\"auto, (max-width: 580px) 100vw, 580px\" \/><\/a>\n\t\t\t<\/div>\n\t\t\t\t<figcaption class='wp-caption-text gallery-caption' id='gallery-1-1677'>\n\t\t\t\tPhilips 22 DC 682\/82R\n\t\t\t\t<\/figcaption><\/figure>\n\t\t<\/div>\n\n<h2>Beveiligingcode (Security Code)<\/h2>\n<p>Deze radio is voorzien van een beveiligingscode (Security Code). Meer informatie over het ontgrendelen, zonder in bezit te zijn van de code op het &#8220;Radio Paspoort&#8221;, is te vinden op de pagina <a href=\"https:\/\/batssoft.nl\/autoradios\/themas\/ontgrendelen-philips-radios-met-beveiligingscode\/\">Ontgrendelen Philips radio\u2019s met beveiligingscode<\/a>.<\/p>\n<h2>EEPROM-dumps<\/h2>\n<table>\n<tr>\n<th>Model<\/th>\n<th>Chip<\/th>\n<th>Code<\/th>\n<th>Download<\/th>\n<\/tr>\n<tr>\n<td>DC 682\/82<\/td>\n<td>Xicor X24C04<\/td>\n<td>9538<\/td>\n<td><a href=\"https:\/\/batssoft.nl\/autoradios\/wp-content\/uploads\/sites\/3\/2020\/10\/Philips-DC-682-82-unlocked-Xicor-X24C04.bin\">Download<\/a><\/td>\n<\/tr>\n<\/table>\n<h2>Prijzen<\/h2>\n<script type='text\/javascript' language='javascript' class='init'> \njQuery(document).ready(function() { \njQuery('#prijzen').DataTable({ \n'info': false, \n'paging': true, \n'pageLength': 10, \n'pagingType': 'simple_numbers', \n'bLengthChange': false, \n'ordering': true, \n'order': [3,'asc'], \n'searching': false, \n} ); \njQuery('#prijzen_wrapper select').prepend('<option value=10>Selecteren<\/option>').val('');} ); \n<\/script>\n<table id=\"prijzen\">\n<thead>\n<tr>\n<th>Winkel<\/th>\n<th>Prijs<\/th>\n<th>Variant<\/th>\n<th>Datum<\/th>\n<th>Bron<\/th>\n<\/tr>\n<\/thead>\n<tfoot>\n<tr>\n<th>Winkel<\/th>\n<th>Prijs<\/th>\n<th>Variant<\/th>\n<th>Datum<\/th>\n<th>Bron<\/th>\n<\/tr>\n<\/tfoot>\n<tbody>\n<tr>\n<td>Correct<\/td>\n<td>NLG 999,-<\/td>\n<td>DC 682 R<\/td>\n<td>1990-05-03<\/td>\n<td><a href=\"https:\/\/schiedam.courant.nu\/issue\/HAV\/1990-05-03\/edition\/null\/page\/5\" rel=\"noopener\" target=\"_blank\">De Havenloods<\/a><\/td>\n<\/tr>\n<tr>\n<td>Correct<\/td>\n<td>NLG 799,-<\/td>\n<td>DC 682<\/td>\n<td>1991-07-18<\/td>\n<td><a href=\"https:\/\/schiedam.courant.nu\/issue\/HAV\/1991-07-18\/edition\/null\/page\/4\" rel=\"noopener\" target=\"_blank\">De Havenloods<\/a><\/td>\n<\/tr>\n<tr>\n<td>Correct<\/td>\n<td>NLG 899,-<\/td>\n<td>DC 682 R (+ powerslede)<\/td>\n<td>1991-02-21<\/td>\n<td><a href=\"https:\/\/schiedam.courant.nu\/issue\/HAV\/1991-02-21\/edition\/null\/page\/4\" rel=\"noopener\" target=\"_blank\">De Havenloods<\/a><\/td>\n<\/tr>\n<tr>\n<td>Correct<\/td>\n<td>NLG 799,-<\/td>\n<td>DC 682<\/td>\n<td>1991-08-08<\/td>\n<td><a href=\"https:\/\/schiedam.courant.nu\/issue\/HAV\/1991-08-08\/edition\/null\/page\/7\" rel=\"noopener\" target=\"_blank\">De Havenloods<\/a><\/td>\n<\/tr>\n<tr>\n<td>Halfords<\/td>\n<td>NLG 599,-<\/td>\n<td>DC 682 R<\/td>\n<td>1992-01-16<\/td>\n<td><a href=\"https:\/\/leiden.courant.nu\/issue\/LD\/1992-01-16\/edition\/0\/page\/14\" rel=\"noopener\" target=\"_blank\">Leidsch Dagblad<\/a><\/td>\n<\/tr>\n<tr>\n<td>Halfords<\/td>\n<td>NLG 599,-<\/td>\n<td>DC 682 R<\/td>\n<td>1992-01-16<\/td>\n<td><a href=\"https:\/\/resolver.kb.nl\/resolve?urn=ddd:010622524:mpeg21:p019\" rel=\"noopener\" target=\"_blank\">Leeuwarder courant<\/a><\/td>\n<\/tr>\n<tr>\n<td>AVA Automaterialen<\/td>\n<td>NLG 1399,-<\/td>\n<td>DC 682 R<\/td>\n<td>1989-12-23<\/td>\n<td><a href=\"https:\/\/resolver.kb.nl\/resolve?urn=ddd:011018657:mpeg21:p021\" rel=\"noopener\" target=\"_blank\">Nieuwsblad van het Noorden<\/a><\/td>\n<\/tr>\n<tr>\n<td>Autoshop Wassenaar<\/td>\n<td>NLG 1399,-<\/td>\n<td>DC 682 R<\/td>\n<td>1989-11-09<\/td>\n<td><a href=\"https:\/\/resolver.kb.nl\/resolve?urn=ddd:010567109:mpeg21:p034\" rel=\"noopener\" target=\"_blank\">Leeuwarder courant<\/a><\/td>\n<\/tr>\n<tr>\n<td>Media Markt<\/td>\n<td>NLG 499,-<\/td>\n<td>DC 682<\/td>\n<td>1991-08-01<\/td>\n<td><a href=\"https:\/\/resolver.kb.nl\/resolve?urn=ddd:010623664:mpeg21:p018\" rel=\"noopener\" target=\"_blank\">Limburgsch dagblad<\/a><\/td>\n<\/tr>\n<\/tbody>\n<\/table>\n<h2>Service-documentatie<\/h2>\n<script type='text\/javascript' language='javascript' class='init'> \njQuery(document).ready(function() { \njQuery('#servicemanuals').DataTable({ \n'info': false, \n'paging': true, \n'pageLength': 10, \n'pagingType': 'simple_numbers', \n'bLengthChange': false, \n'ordering': true, \n'order': [2,'asc'], \n'searching': false, \n} ); \njQuery('#servicemanuals_wrapper select').prepend('<option value=10>Selecteren<\/option>').val('');} ); \n<\/script>\n<table id=\"servicemanuals\">\n<thead>\n<tr>\n<th>Documenttype<\/th>\n<th>Titel<\/th>\n<th>Referentie<\/th>\n<th>Datum<\/th>\n<th>Document<\/th>\n<\/tr>\n<\/thead>\n<tfoot>\n<tr>\n<th>Documenttype<\/th>\n<th>Titel<\/th>\n<th>Referentie<\/th>\n<th>Datum<\/th>\n<th>Document<\/th>\n<\/tr>\n<\/tfoot>\n<tbody>\n<tr>\n<td>Circuitomschrijving<\/td>\n<td>Car radio cluster family<\/td>\n<td>4822 725 22143<\/td>\n<td><\/td>\n<td><a href=\"\/autoradios\/wp-content\/uploads\/sites\/3\/2021\/04\/CS-16-723-GB.pdf\" target=\"_blank\" rel=\"noopener\">Download<\/a><\/td>\n<\/tr>\n<\/tbody>\n<\/table>\n<h2>Externe koppelingen<\/h2>\n<ul>\n<li><a href=\"https:\/\/web.archive.org\/web\/0\/https:\/\/www.marktplaats.nl\/a\/auto-diversen\/accessoires-radio-s-cd-en-dvd-spelers\/m1609756982-philips-autoradio-met-cassettespeler-en-slede-dus-uitneemb.html\" rel=\"noopener noreferrer\" target=\"_blank\">Philips DC 682\/82 met Philips EA 6024 op Marktplaats via Internet Archive<\/a> (de advertentie van mijn exemplaar)<\/li>\n<li><a href=\"https:\/\/web.archive.org\/web\/0\/https:\/\/www.marktplaats.nl\/a\/auto-diversen\/accessoires-radio-s-cd-en-dvd-spelers\/m1705048345-autoradio-philips-dc-682-brand-new.html\" rel=\"noopener noreferrer\" target=\"_blank\">Philips DC 682\/30R op Marktplaats via Internet Archive<\/a> (de advertentie van mijn exemplaar)<\/li>\n<li><a href=\"https:\/\/web.archive.org\/web\/0\/https:\/\/www.ebay.nl\/itm\/203300454644\" rel=\"noopener noreferrer\" target=\"_blank\">Philips DC 682\/00R op eBay via Internet Archive<\/a> (de advertentie van mijn exemplaar)<\/li>\n<li><a href=\"https:\/\/web.archive.org\/web\/0\/https:\/\/www.ebay.nl\/itm\/184991193713\" rel=\"noopener noreferrer\" target=\"_blank\">Philips DC 682\/00R op eBay via Internet Archive<\/a> (de advertentie van mijn exemplaar)<\/li>\n<li><a href=\"https:\/\/web.archive.org\/web\/0\/https:\/\/www.ebay.nl\/itm\/284034027341\" rel=\"noopener noreferrer\" target=\"_blank\">Philips DC 682\/30R op eBay via Internet Archive<\/a><\/li>\n<li><a href=\"https:\/\/web.archive.org\/web\/0\/https:\/\/www.ebay.nl\/itm\/193662916947\" rel=\"noopener noreferrer\" target=\"_blank\">Philips DC 682\/30 op eBay via Internet Archive<\/a><\/li>\n<li><a href=\"https:\/\/web.archive.org\/web\/0\/https:\/\/www.ebay.nl\/itm\/284016608510\" rel=\"noopener noreferrer\" target=\"_blank\">Philips DC R 682 op eBay via Internet Archive<\/a><\/li>\n<li><a href=\"http:\/\/www.renault5gtturbo.com\/brochure.htm\" rel=\"noopener noreferrer\" target=\"_blank\">Renault 5 GT Turbo Raider Brochure op renault5gtturbo.com<\/a> (Fabrieksaf geleverd met deze radio)<\/li>\n<li><a href=\"https:\/\/web.archive.org\/web\/0\/https:\/\/www.ebay-kleinanzeigen.de\/s-anzeige\/philips-autoradio-dc682-aus-1989-ovp\/1617544921-172-23951\" rel=\"noopener noreferrer\" target=\"_blank\">Philips DC 682 op eBay Kleinanzeigen via Internet Archive<\/li>\n<\/ul>\n","protected":false},"excerpt":{"rendered":"<p>Mijn eerste DC 682 (22 DC 682\/82) heb ik overgenomen van een gepensioneerd medewerker verkoop buitendienst van Philips Nederland. Medewerkers (in elk geval van de afdeling verkoop buitendienst) kregen geregeld leuke spullen toegestopt om ook weer bij klanten te kunnen demonstreren. Deze DC 682\/82 was voorzien van een EA 6024 powerslede waardoor het uitgangsvermogen naar [&hellip;]<\/p>\n","protected":false},"author":1,"featured_media":1676,"parent":353,"menu_order":0,"comment_status":"open","ping_status":"closed","template":"templates\/template-full-width.php","meta":{"footnotes":""},"class_list":["post-449","page","type-page","status-publish","has-post-thumbnail","hentry"],"_links":{"self":[{"href":"https:\/\/batssoft.nl\/autoradios\/wp-json\/wp\/v2\/pages\/449","targetHints":{"allow":["GET"]}}],"collection":[{"href":"https:\/\/batssoft.nl\/autoradios\/wp-json\/wp\/v2\/pages"}],"about":[{"href":"https:\/\/batssoft.nl\/autoradios\/wp-json\/wp\/v2\/types\/page"}],"author":[{"embeddable":true,"href":"https:\/\/batssoft.nl\/autoradios\/wp-json\/wp\/v2\/users\/1"}],"replies":[{"embeddable":true,"href":"https:\/\/batssoft.nl\/autoradios\/wp-json\/wp\/v2\/comments?post=449"}],"version-history":[{"count":30,"href":"https:\/\/batssoft.nl\/autoradios\/wp-json\/wp\/v2\/pages\/449\/revisions"}],"predecessor-version":[{"id":1709,"href":"https:\/\/batssoft.nl\/autoradios\/wp-json\/wp\/v2\/pages\/449\/revisions\/1709"}],"up":[{"embeddable":true,"href":"https:\/\/batssoft.nl\/autoradios\/wp-json\/wp\/v2\/pages\/353"}],"wp:featuredmedia":[{"embeddable":true,"href":"https:\/\/batssoft.nl\/autoradios\/wp-json\/wp\/v2\/media\/1676"}],"wp:attachment":[{"href":"https:\/\/batssoft.nl\/autoradios\/wp-json\/wp\/v2\/media?parent=449"}],"curies":[{"name":"wp","href":"https:\/\/api.w.org\/{rel}","templated":true}]}}