{"id":141,"date":"2020-08-21T19:47:05","date_gmt":"2020-08-21T17:47:05","guid":{"rendered":"http:\/\/batssoft.nl\/autoradios\/?page_id=141"},"modified":"2021-09-06T10:15:21","modified_gmt":"2021-09-06T08:15:21","slug":"citroen-st-tropez-grundig-wkc-1100-vd","status":"publish","type":"page","link":"https:\/\/batssoft.nl\/autoradios\/themas\/citroen-st-tropez-grundig-wkc-1100-vd\/","title":{"rendered":"Citro\u00ebn St. Tropez (Grundig WKC 1100 VD)"},"content":{"rendered":"<p>Door mijn liefde voor het merk <a href=\"\/autos\/\">Citro\u00ebn<\/a>, en dan met name de Citro\u00ebn AX, moest er toch op zijn minst een keer een radio komen die door Citro\u00ebn verkocht is. Een kennis vondt deze radio op een sloperij en dus ben ik deze zo spoedig mogelijk gaan halen.<br \/>\nQua radio is het niets bijzonders. Het betreft een Grundig WKC 1100 VD en het meest noemenswaardige aan deze radio is het kleine afneembare bedieningsgedeelte ter beveiliging.<\/p>\n<blockquote><p>\n<strong>1100 VD<\/strong><\/p>\n<ul>\n<li>Diefstalbeveiliging door afneembaar bedieningsgedeelte en een LED die gaat knipperen wanneer het bedieningsgedeelte is verwijderd.<\/li>\n<li>FM, FM-verkeersinformatie (extra in te schakelen), Autostore (AS).<\/li>\n<li>12 geheugens voor zenders (6 \u00d7 FM, 6 \u00d7 FM\/AS).<\/li>\n<li>Autocompare-functie: automatisch vergelijken van het geheugen tijdens het zoeken naar zenders.<\/li>\n<li>Verkeersberichtendecoder voor Duitse wagennet.<\/li>\n<li>Automatische herkenning van zenders met verkeersinformatie.<\/li>\n<li>Bij het verlaten van het zendbereik van een FM-zender met verkeersinformatie wordt automatisch een andere zender opgezocht.<\/li>\n<li>Automatisch stoppen van de cassette bij een verkeersbericht.<\/li>\n<li>4 \u00d7 5 watt continu vermogen volgens DIN 45324; 4 \u00d7 10 watt muziekvermogen.<\/li>\n<\/ul>\n<p>Bron: <a href=\"http:\/\/antique-autoradio-madness.org\/Grundig\/Grundig-95\/Grundig-Cata-95_05.htm\" rel=\"noopener noreferrer\" target=\"_blank\">Grundig-catalogus 1995<\/a> via <a href=\"http:\/\/antique-autoradio-madness.org\/\" rel=\"noopener noreferrer\" target=\"_blank\">Antique Autoradio Madness<\/a>\n<\/p><\/blockquote>\n<h2>Externe koppelingen<\/h2>\n<ul>\n<li><a href=\"http:\/\/antique-autoradio-madness.org\/Grundig\/Grundig-95\/Grundig-Cata-95_05.htm\" rel=\"noopener noreferrer\" target=\"_blank\">Nederlandse Grundig Autoradio-brochure uit 1995 op Antique Autoradio Madness<\/a><\/li>\n<li><a href=\"https:\/\/web.archive.org\/web\/0\/https:\/\/archiwum.allegro.pl\/oferta\/radio-kaseta-citroen-st-tropez-partner-berlingo-i5390143323.html\" rel=\"noopener noreferrer\" target=\"_blank\">Citro\u00ebn St. Tropez op Allegro Archiwum via Internet Archive<\/a><\/li>\n<ul>\n","protected":false},"excerpt":{"rendered":"<p>Door mijn liefde voor het merk Citro\u00ebn, en dan met name de Citro\u00ebn AX, moest er toch op zijn minst een keer een radio komen die door Citro\u00ebn verkocht is. Een kennis vondt deze radio op een sloperij en dus ben ik deze zo spoedig mogelijk gaan halen. Qua radio is het niets bijzonders. Het [&hellip;]<\/p>\n","protected":false},"author":1,"featured_media":258,"parent":312,"menu_order":0,"comment_status":"open","ping_status":"closed","template":"templates\/template-full-width.php","meta":{"footnotes":""},"class_list":["post-141","page","type-page","status-publish","has-post-thumbnail","hentry"],"_links":{"self":[{"href":"https:\/\/batssoft.nl\/autoradios\/wp-json\/wp\/v2\/pages\/141","targetHints":{"allow":["GET"]}}],"collection":[{"href":"https:\/\/batssoft.nl\/autoradios\/wp-json\/wp\/v2\/pages"}],"about":[{"href":"https:\/\/batssoft.nl\/autoradios\/wp-json\/wp\/v2\/types\/page"}],"author":[{"embeddable":true,"href":"https:\/\/batssoft.nl\/autoradios\/wp-json\/wp\/v2\/users\/1"}],"replies":[{"embeddable":true,"href":"https:\/\/batssoft.nl\/autoradios\/wp-json\/wp\/v2\/comments?post=141"}],"version-history":[{"count":7,"href":"https:\/\/batssoft.nl\/autoradios\/wp-json\/wp\/v2\/pages\/141\/revisions"}],"predecessor-version":[{"id":447,"href":"https:\/\/batssoft.nl\/autoradios\/wp-json\/wp\/v2\/pages\/141\/revisions\/447"}],"up":[{"embeddable":true,"href":"https:\/\/batssoft.nl\/autoradios\/wp-json\/wp\/v2\/pages\/312"}],"wp:featuredmedia":[{"embeddable":true,"href":"https:\/\/batssoft.nl\/autoradios\/wp-json\/wp\/v2\/media\/258"}],"wp:attachment":[{"href":"https:\/\/batssoft.nl\/autoradios\/wp-json\/wp\/v2\/media?parent=141"}],"curies":[{"name":"wp","href":"https:\/\/api.w.org\/{rel}","templated":true}]}}